{"id":17472,"date":"2015-06-11T02:59:28","date_gmt":"2015-06-11T02:59:28","guid":{"rendered":"http:\/\/reflexoasis.com\/?page_id=17472"},"modified":"2021-07-06T22:42:01","modified_gmt":"2021-07-06T22:42:01","slug":"home","status":"publish","type":"page","link":"https:\/\/reflexoasis.com\/fr\/","title":{"rendered":"Acceuil"},"content":{"rendered":"<div class=\"wpb-content-wrapper\"><p>[vc_row css_animation=\u00a0\u00bb\u00a0\u00bb row_type=\u00a0\u00bbrow\u00a0\u00bb use_row_as_full_screen_section=\u00a0\u00bbno\u00a0\u00bb type=\u00a0\u00bbfull_width\u00a0\u00bb angled_section=\u00a0\u00bbno\u00a0\u00bb text_align=\u00a0\u00bbleft\u00a0\u00bb background_image_as_pattern=\u00a0\u00bbwithout_pattern\u00a0\u00bb padding_top=\u00a0\u00bb0&Prime; padding_bottom=\u00a0\u00bb0&Prime;][vc_column]<div class=\"call_to_action normal\" style=\"background-color: #a3cf5f;padding-top: 30px;padding-bottom: 30px;\"><div class=\"container_inner\"><div class=\"two_columns_75_25 clearfix\"><div class=\"text_wrapper column1\"><div class=\"call_to_action_text \" style=\"\">\n<h3 class=\"p1\">La R\u00e9flexologie est-elle pour vous? \u00a0 Souffrez-vous de stress, douleurs, insomnie?<\/h3>\n<\/div><\/div><div class=\"button_wrapper column2\"><a itemprop=\"url\" href=\"http:\/\/reflexoasis.com\/fr\/quest-ce-la-reflexologie\/\" class=\"qbutton white \" target=\"\" style=\"color: #000000;border-color: #ffffff;background-color:#ffffff;\" data-hover-background-color=#f9f9f9 data-hover-border-color=#f9f9f9 data-hover-color=#000000>En savoir plus sur la r\u00e9flexologie<\/a><\/div><\/div><\/div><\/div>[\/vc_column][\/vc_row][vc_row css_animation=\u00a0\u00bb\u00a0\u00bb row_type=\u00a0\u00bbrow\u00a0\u00bb use_row_as_full_screen_section=\u00a0\u00bbno\u00a0\u00bb type=\u00a0\u00bbgrid\u00a0\u00bb angled_section=\u00a0\u00bbno\u00a0\u00bb text_align=\u00a0\u00bbleft\u00a0\u00bb background_image_as_pattern=\u00a0\u00bbwithout_pattern\u00a0\u00bb anchor=\u00a0\u00bbportfolio\u00a0\u00bb background_color=\u00a0\u00bb#ffffff\u00a0\u00bb border_color=\u00a0\u00bb#efefef\u00a0\u00bb padding_top=\u00a0\u00bb57&Prime; padding_bottom=\u00a0\u00bb0&Prime;][vc_column][vc_row_inner row_type=\u00a0\u00bbrow\u00a0\u00bb type=\u00a0\u00bbfull_width\u00a0\u00bb text_align=\u00a0\u00bbleft\u00a0\u00bb css_animation=\u00a0\u00bb\u00a0\u00bb][vc_column_inner width=\u00a0\u00bb1\/4&Prime;][vc_single_image image=\u00a0\u00bb16850&Prime; img_size=\u00a0\u00bbfull\u00a0\u00bb qode_css_animation=\u00a0\u00bbelement_from_fade\u00a0\u00bb transition_delay=\u00a0\u00bb0.3&Prime;][vc_separator type=\u00a0\u00bbtransparent\u00a0\u00bb up=\u00a0\u00bb25&Prime; down=\u00a0\u00bb8&Prime;][vc_column_text]<\/p>\n<h3 class=\"p1\"><span class=\"s1\">R\u00e9flexologie cranio-sacrale<\/span><\/h3>\n<p>[\/vc_column_text][vc_separator type=\u00a0\u00bbtransparent\u00a0\u00bb up=\u00a0\u00bb11&Prime; down=\u00a0\u00bb0&Prime;][vc_column_text]<\/p>\n<p class=\"p1\"><span class=\"s1\">Cette th\u00e9rapie holistique et non-invasive\u00a0<\/span><span class=\"s1\">vise \u00e0 r\u00e9tablir la circulation libre du liquide c\u00e9phalo-rachidien (LCR) essentielle au bon fonctionnement de tous les organes, glandes et tissus.<\/span><\/p>\n<p>[\/vc_column_text][\/vc_column_inner][vc_column_inner width=\u00a0\u00bb1\/4&Prime;][vc_single_image image=\u00a0\u00bb16852&Prime; img_size=\u00a0\u00bbfull\u00a0\u00bb qode_css_animation=\u00a0\u00bbelement_from_fade\u00a0\u00bb transition_delay=\u00a0\u00bb0.6&Prime;][vc_separator type=\u00a0\u00bbtransparent\u00a0\u00bb up=\u00a0\u00bb25&Prime; down=\u00a0\u00bb8&Prime;][vc_column_text]<\/p>\n<h3 class=\"p1\"><span class=\"s1\">R\u00e9flexologie Thai<\/span><\/h3>\n<p>[\/vc_column_text][vc_separator type=\u00a0\u00bbtransparent\u00a0\u00bb up=\u00a0\u00bb11&Prime; down=\u00a0\u00bb0&Prime;][vc_column_text]<\/p>\n<p class=\"p1\"><span class=\"s1\">La r\u00e9flexologie Thai peut \u00eatre d\u00e9crite comme le mariage de l\u2019Inde et de l\u2019Asie, incorporant des \u00e9l\u00e9ments du shiatsu japonais, de la r\u00e9flexologie chinoise, le massage Tuina chinois ainsi que du yoga ayurv\u00e9dique.<\/span><\/p>\n<p>[\/vc_column_text][\/vc_column_inner][vc_column_inner width=\u00a0\u00bb1\/4&Prime;][vc_single_image image=\u00a0\u00bb16855&Prime; img_size=\u00a0\u00bbfull\u00a0\u00bb qode_css_animation=\u00a0\u00bbelement_from_fade\u00a0\u00bb transition_delay=\u00a0\u00bb0.6&Prime;][vc_separator type=\u00a0\u00bbtransparent\u00a0\u00bb up=\u00a0\u00bb25&Prime; down=\u00a0\u00bb8&Prime;][vc_column_text]<\/p>\n<h3>Padabhyanga<\/h3>\n<p>[\/vc_column_text][vc_separator type=\u00a0\u00bbtransparent\u00a0\u00bb up=\u00a0\u00bb11&Prime; down=\u00a0\u00bb0&Prime;][vc_column_text]<\/p>\n<p class=\"p1\"><span class=\"s1\">L\u2019approche ayurv\u00e9dique implique d&rsquo;\u00e9quilibrer les \u00e9nergies dans les polarit\u00e9s (t\u00eate et pieds). Le bien-\u00eatre et la capacit\u00e9 de gu\u00e9rir d\u00e9pendent de la circulation libre de l\u2019\u00e9nergie appel\u00e9e Prana ou force vitale.<\/span><\/p>\n<p>[\/vc_column_text][\/vc_column_inner][vc_column_inner width=\u00a0\u00bb1\/4&Prime;][vc_single_image image=\u00a0\u00bb16857&Prime; img_size=\u00a0\u00bbfull\u00a0\u00bb qode_css_animation=\u00a0\u00bbelement_from_fade\u00a0\u00bb transition_delay=\u00a0\u00bb0.6&Prime;][vc_separator type=\u00a0\u00bbtransparent\u00a0\u00bb up=\u00a0\u00bb25&Prime; down=\u00a0\u00bb8&Prime;][vc_column_text]<\/p>\n<h3>Massage sur chaise<\/h3>\n<p>[\/vc_column_text][vc_separator type=\u00a0\u00bbtransparent\u00a0\u00bb up=\u00a0\u00bb11&Prime; down=\u00a0\u00bb0&Prime;][vc_column_text]<\/p>\n<p class=\"p1\"><span class=\"s1\">La technique comprend des manipulations de points sp\u00e9cifiques sur le corps qui correspondent aux trac\u00e9s des m\u00e9ridiens \u2013 des circuits \u00e9nerg\u00e9tiques subtiles \u00e0 travers lesquels circule toute l\u2019\u00e9nergie du corps.<\/span><\/p>\n<p>[\/vc_column_text][\/vc_column_inner][\/vc_row_inner][\/vc_column][\/vc_row][vc_row css_animation=\u00a0\u00bb\u00a0\u00bb row_type=\u00a0\u00bbrow\u00a0\u00bb use_row_as_full_screen_section=\u00a0\u00bbno\u00a0\u00bb type=\u00a0\u00bbgrid\u00a0\u00bb angled_section=\u00a0\u00bbno\u00a0\u00bb text_align=\u00a0\u00bbleft\u00a0\u00bb background_image_as_pattern=\u00a0\u00bbwithout_pattern\u00a0\u00bb background_color=\u00a0\u00bb#ffffff\u00a0\u00bb border_color=\u00a0\u00bb#efefef\u00a0\u00bb padding_top=\u00a0\u00bb15&Prime; padding_bottom=\u00a0\u00bb50&Prime;][vc_column width=\u00a0\u00bb1\/4&Prime;]<a  itemprop=\"url\" href=\"http:\/\/reflexoasis.com\/fr\/reflexologie-cranio-sacrale\/\" target=\"_self\" data-hover-background-color=\"#8fc7e9\" data-hover-border-color=\"#8fc7e9\" data-hover-color=\"#704f47\" class=\"qbutton  medium center default\" style=\"color: #ffffff; border-color: #704f47; font-weight: 400; background-color:#704f47;\">EN SAVOIR PLUS<\/a>[\/vc_column][vc_column width=\u00a0\u00bb1\/4&Prime;]<a  itemprop=\"url\" href=\"http:\/\/reflexoasis.com\/fr\/reflexologie-thai\/\" target=\"_self\" data-hover-background-color=\"#8fc7e9\" data-hover-border-color=\"#8fc7e9\" data-hover-color=\"#704f47\" class=\"qbutton  medium center default\" style=\"color: #ffffff; border-color: #704f47; font-weight: 400; background-color:#704f47;\">EN SAVOIR PLUS<\/a>[\/vc_column][vc_column width=\u00a0\u00bb1\/4&Prime;]<a  itemprop=\"url\" href=\"http:\/\/reflexoasis.com\/fr\/padabhyanga-2\/\" target=\"_self\" data-hover-background-color=\"#8fc7e9\" data-hover-border-color=\"#8fc7e9\" data-hover-color=\"#704f47\" class=\"qbutton  medium center default\" style=\"color: #ffffff; border-color: #704f47; font-weight: 400; background-color:#704f47;\">EN SAVOIR PLUS<\/a>[\/vc_column][vc_column width=\u00a0\u00bb1\/4&Prime;]<a  itemprop=\"url\" href=\"http:\/\/reflexoasis.com\/fr\/massage-sur-chaise\/\" target=\"_self\" data-hover-background-color=\"#8fc7e9\" data-hover-border-color=\"#8fc7e9\" data-hover-color=\"#704f47\" class=\"qbutton  medium center default\" style=\"color: #ffffff; border-color: #704f47; font-weight: 400; background-color:#704f47;\">EN SAVOIR PLUS<\/a>[\/vc_column][\/vc_row][vc_row row_type=\u00a0\u00bbparallax\u00a0\u00bb parallax_content_width=\u00a0\u00bbin_grid\u00a0\u00bb text_align=\u00a0\u00bbcenter\u00a0\u00bb full_screen_section_height=\u00a0\u00bbno\u00a0\u00bb anchor=\u00a0\u00bbportfolio\u00a0\u00bb background_image=\u00a0\u00bb17807&Prime; section_height=\u00a0\u00bb350&Prime; css=\u00a0\u00bb.vc_custom_1625611255868{padding-top: 100px !important;padding-bottom: 100px !important;}\u00a0\u00bb][vc_column][vc_separator type=\u00a0\u00bbtransparent\u00a0\u00bb up=\u00a0\u00bb50&Prime; down=\u00a0\u00bb0&Prime;][vc_column_text]<\/p>\n<h2 style=\"text-align: center;\">CE QU&rsquo;ILS DISENT<\/h2>\n<pre id=\"tw-target-text\" class=\"tw-data-text vk_txt tw-ta tw-text-medium\" dir=\"ltr\" data-placeholder=\"Translation\" data-fulltext=\"\"><\/pre>\n<p>[\/vc_column_text][vc_separator type=\u00a0\u00bbtransparent\u00a0\u00bb up=\u00a0\u00bb0&Prime;]<div class='testimonials_holder clearfix dark'><div class=\"testimonials testimonials_carousel\" data-show-navigation=\"yes\" data-animation-type=\"fade\" data-animation-speed=\"200\" data-auto-rotate-slides=\"5\" data-number-per-slide=\"1\"><ul class=\"slides\"><li id=\"testimonials17557\" class=\"testimonial_content\"><div class=\"testimonial_content_inner\"><div class=\"testimonial_text_holder\"><div class=\"testimonial_text_inner\" style=\"color: #000000;\"><p style=\"font-size:20px;color:#000000\">Je connais Andrea depuis de nombreuses ann\u00e9es et je la recommande vivement \u00e0 quiconque \u00e0 la recherche d\u2019une th\u00e9rapeute en r\u00e9flexologie. Andrea  est tr\u00e8s r\u00e9confortante, sensible et compr\u00e9hensive. J\u2019\u00e9tais stup\u00e9faite \u00e0 la vitesse avec laquelle elle a pu d\u00e9terminer la source de mes souffrances. Elle m\u2019a m\u00eame mis sur la piste que j\u2019\u00e9tais peut-\u00eatre enceinte, m\u00eame en utilisant des contraceptifs et effectivement, je l\u2019\u00e9tais! Je trouve la r\u00e9flexologie tr\u00e8s relaxante et d\u00e9-stressante ainsi que revitalisante. J\u2019en ressens les bienfaits \u00e0 chaque s\u00e9ance pendant plusieurs jours. Merci pour cela, Andrea!.<\/p><p class=\"testimonial_author\" style=\"color: #000000;font-weight: 700;color: #000000;\">Christiane H. St-Polycarpe<\/p><\/div><\/div><\/div><\/li><li id=\"testimonials17559\" class=\"testimonial_content\"><div class=\"testimonial_content_inner\"><div class=\"testimonial_text_holder\"><div class=\"testimonial_text_inner\" style=\"color: #000000;\"><p style=\"font-size:20px;color:#000000\">J\u2019ai rencontr\u00e9 Andrea il y a 3 ans, lorsque j\u2019\u00e9tais accabl\u00e9e par de grands maux de dos et de douleurs sciatiques. J\u2019ai cherch\u00e9 une sp\u00e9cialiste en r\u00e9flexologie, \u00e9tant donn\u00e9 que j\u2019\u00e9tais famili\u00e8re avec cette m\u00e9thode, et que je voulais traiter ces probl\u00e8mes de mani\u00e8re holistique. Andrea a su offrir un service et une expertise excellents et m\u2019a aid\u00e9 \u00e0 r\u00e9soudre mes probl\u00e8mes avec le plan de traitement que nous avions \u00e9tabli. Je recommande Andrea et ses services, je l\u2019ai trouv\u00e9e professionnelle, chevronn\u00e9e, comp\u00e9tente et serviable.<\/p><p class=\"testimonial_author\" style=\"color: #000000;font-weight: 700;color: #000000;\">Joanne V\u00e9zina, Hudson<\/p><\/div><\/div><\/div><\/li><li id=\"testimonials17561\" class=\"testimonial_content\"><div class=\"testimonial_content_inner\"><div class=\"testimonial_text_holder\"><div class=\"testimonial_text_inner\" style=\"color: #000000;\"><p style=\"font-size:20px;color:#000000\">Ce que j'aime d'Andrea est son approche, sa compr\u00e9hension, son \u00e9coute. Elle comprend rapidement d'o\u00f9 vient la douleur et laisse le corps vivre ce qu'il a \u00e0 vivre pour lib\u00e9rer la tension et ne pas qu'elle revienne. Par son \u00e9coute, si des \u00e9motions trop fortes nous habitent, elle nous soutient et nous entoure de tendresse. C'est plus que de la r\u00e9flexologie, c'est un bien \u00e0 l'\u00c2me.....<\/p><p class=\"testimonial_author\" style=\"color: #000000;font-weight: 700;color: #000000;\">Myriam Gari\u00e9py, Montreal<\/p><\/div><\/div><\/div><\/li><li id=\"testimonials17562\" class=\"testimonial_content\"><div class=\"testimonial_content_inner\"><div class=\"testimonial_text_holder\"><div class=\"testimonial_text_inner\" style=\"color: #000000;\"><p style=\"font-size:20px;color:#000000\">J'ai re\u00e7u un premier massage des pieds de madame M\u00fchlebach en 2012 et j'en ai eu\r\nun bon nombre depuis. Le traitement donne de bons r\u00e9sultats et je l'ai senti dans mes poumons surtout, en quittant votre pratique je respirais d\u00e9j\u00e0 plus confortablement, plus profond\u00e9ment, je sentais un d\u00e9gagement en plus d'un grand bien-\u00eatre g\u00e9n\u00e9ral. Madame M\u00fclhebach, \u00e0 mon avis, est une professionnelle consciencieuse, de grande qualit\u00e9, en plus d'\u00eatre aimable, accueillante, d'une bonne \u00e9coute et d'une grande disponibilit\u00e9. Elle sait mettre en confiance. Merci, Andrea, de vos bons services et de votre soutien.<\/p><p class=\"testimonial_author\" style=\"color: #000000;font-weight: 700;color: #000000;\">L\u00e9o Forest, 80, Montr\u00e9al<\/p><\/div><\/div><\/div><\/li><li id=\"testimonials17563\" class=\"testimonial_content\"><div class=\"testimonial_content_inner\"><div class=\"testimonial_text_holder\"><div class=\"testimonial_text_inner\" style=\"color: #000000;\"><p style=\"font-size:20px;color:#000000\">\u201cC'est avec plaisir que j'ai r\u00e9f\u00e9r\u00e9 mes amis \u00e0 Andrea et tous ont \u00e9t\u00e9 tr\u00e8s reconnaissants. Merci, Andrea, pour avoir soulag\u00e9 mes douleurs et les inconv\u00e9nients de ma blessure au dos.  Apr\u00e8s une s\u00e9ance d\u00e9j\u00e0 j\u2019ai ressenti un soulagement important, et apr\u00e8s trois s\u00e9ances, j\u2019\u00e9tais de nouveau capable de fonctionner normalement.\u201d<\/p><p class=\"testimonial_author\" style=\"color: #000000;font-weight: 700;color: #000000;\">D. Montagano, Hudson, QC<\/p><\/div><\/div><\/div><\/li><\/ul><\/div><\/div>[\/vc_column][\/vc_row][vc_row css_animation=\u00a0\u00bb\u00a0\u00bb row_type=\u00a0\u00bbrow\u00a0\u00bb use_row_as_full_screen_section=\u00a0\u00bbno\u00a0\u00bb type=\u00a0\u00bbgrid\u00a0\u00bb angled_section=\u00a0\u00bbno\u00a0\u00bb text_align=\u00a0\u00bbleft\u00a0\u00bb background_image_as_pattern=\u00a0\u00bbwithout_pattern\u00a0\u00bb background_color=\u00a0\u00bb#8fc7e9&Prime; padding_top=\u00a0\u00bb25&Prime; padding_bottom=\u00a0\u00bb25&Prime;][vc_column][vc_column_text]<\/p>\n<h1 style=\"text-align: center;\">Produits et\u00a0Services<\/h1>\n<p style=\"text-align: center;\"><strong>R\u00e9flexologie | Combos\u00a0| Massage sur chaise | Enfants<\/strong><\/p>\n<p style=\"text-align: center;\"><strong><a  itemprop=\"url\" href=\"http:\/\/reflexoasis.com\/produits-services\/\" target=\"_blank\"  class=\"qbutton  default\" style=\"\">En savoir plus<\/a><\/strong><\/p>\n<p>[\/vc_column_text][\/vc_column][\/vc_row]<\/p>\n<\/div>","protected":false},"excerpt":{"rendered":"<p>[vc_row css_animation=\u00a0\u00bb\u00a0\u00bb row_type=\u00a0\u00bbrow\u00a0\u00bb use_row_as_full_screen_section=\u00a0\u00bbno\u00a0\u00bb type=\u00a0\u00bbfull_width\u00a0\u00bb angled_section=\u00a0\u00bbno\u00a0\u00bb text_align=\u00a0\u00bbleft\u00a0\u00bb background_image_as_pattern=\u00a0\u00bbwithout_pattern\u00a0\u00bb padding_top=\u00a0\u00bb0&Prime; padding_bottom=\u00a0\u00bb0&Prime;][vc_column][\/vc_column][\/vc_row][vc_row css_animation=\u00a0\u00bb\u00a0\u00bb row_type=\u00a0\u00bbrow\u00a0\u00bb use_row_as_full_screen_section=\u00a0\u00bbno\u00a0\u00bb type=\u00a0\u00bbgrid\u00a0\u00bb angled_section=\u00a0\u00bbno\u00a0\u00bb text_align=\u00a0\u00bbleft\u00a0\u00bb background_image_as_pattern=\u00a0\u00bbwithout_pattern\u00a0\u00bb anchor=\u00a0\u00bbportfolio\u00a0\u00bb background_color=\u00a0\u00bb#ffffff\u00a0\u00bb border_color=\u00a0\u00bb#efefef\u00a0\u00bb padding_top=\u00a0\u00bb57&Prime; padding_bottom=\u00a0\u00bb0&Prime;][vc_column][vc_row_inner row_type=\u00a0\u00bbrow\u00a0\u00bb type=\u00a0\u00bbfull_width\u00a0\u00bb text_align=\u00a0\u00bbleft\u00a0\u00bb css_animation=\u00a0\u00bb\u00a0\u00bb][vc_column_inner width=\u00a0\u00bb1\/4&Prime;][vc_single_image image=\u00a0\u00bb16850&Prime; img_size=\u00a0\u00bbfull\u00a0\u00bb qode_css_animation=\u00a0\u00bbelement_from_fade\u00a0\u00bb transition_delay=\u00a0\u00bb0.3&Prime;][vc_separator type=\u00a0\u00bbtransparent\u00a0\u00bb up=\u00a0\u00bb25&Prime; down=\u00a0\u00bb8&Prime;][vc_column_text] R\u00e9flexologie cranio-sacrale [\/vc_column_text][vc_separator type=\u00a0\u00bbtransparent\u00a0\u00bb up=\u00a0\u00bb11&Prime; down=\u00a0\u00bb0&Prime;][vc_column_text] Cette th\u00e9rapie holistique et non-invasive\u00a0vise&#8230;<\/p>\n","protected":false},"author":1,"featured_media":0,"parent":0,"menu_order":0,"comment_status":"open","ping_status":"open","template":"full_width.php","meta":{"footnotes":""},"class_list":["post-17472","page","type-page","status-publish","hentry"],"_links":{"self":[{"href":"https:\/\/reflexoasis.com\/fr\/wp-json\/wp\/v2\/pages\/17472","targetHints":{"allow":["GET"]}}],"collection":[{"href":"https:\/\/reflexoasis.com\/fr\/wp-json\/wp\/v2\/pages"}],"about":[{"href":"https:\/\/reflexoasis.com\/fr\/wp-json\/wp\/v2\/types\/page"}],"author":[{"embeddable":true,"href":"https:\/\/reflexoasis.com\/fr\/wp-json\/wp\/v2\/users\/1"}],"replies":[{"embeddable":true,"href":"https:\/\/reflexoasis.com\/fr\/wp-json\/wp\/v2\/comments?post=17472"}],"version-history":[{"count":27,"href":"https:\/\/reflexoasis.com\/fr\/wp-json\/wp\/v2\/pages\/17472\/revisions"}],"predecessor-version":[{"id":17891,"href":"https:\/\/reflexoasis.com\/fr\/wp-json\/wp\/v2\/pages\/17472\/revisions\/17891"}],"wp:attachment":[{"href":"https:\/\/reflexoasis.com\/fr\/wp-json\/wp\/v2\/media?parent=17472"}],"curies":[{"name":"wp","href":"https:\/\/api.w.org\/{rel}","templated":true}]}}