{"id":17491,"date":"2015-06-13T16:34:19","date_gmt":"2015-06-13T16:34:19","guid":{"rendered":"http:\/\/reflexoasis.com\/?page_id=17491"},"modified":"2015-06-27T18:11:18","modified_gmt":"2015-06-27T18:11:18","slug":"quest-ce-la-reflexologie","status":"publish","type":"page","link":"https:\/\/reflexoasis.com\/fr\/quest-ce-la-reflexologie\/","title":{"rendered":"Qu\u2019est-ce la r\u00e9flexologie"},"content":{"rendered":"<div class=\"wpb-content-wrapper\"><p>[vc_row row_type=\u00a0\u00bbrow\u00a0\u00bb use_row_as_full_screen_section=\u00a0\u00bbno\u00a0\u00bb type=\u00a0\u00bbgrid\u00a0\u00bb text_align=\u00a0\u00bbleft\u00a0\u00bb background_image_as_pattern=\u00a0\u00bbwithout_pattern\u00a0\u00bb padding_top=\u00a0\u00bb25&Prime; padding_bottom=\u00a0\u00bb25&Prime; anchor=\u00a0\u00bbHow does Reflexology work\u00a0\u00bb][vc_column width=\u00a0\u00bb1\/1&Prime;][vc_column_text]<\/p>\n<h3><span style=\"color: #a3cf5e;\">Qu&rsquo;est-ce la r\u00e9flexologie?\u00a0<\/span><\/h3>\n<p class=\"p1\"><span class=\"s1\">La R\u00e9flexologie est un art de gu\u00e9rison ancien bas\u00e9 sur le principe qu&rsquo;il existe des points r\u00e9flexes dans les pieds, les mains et les oreilles qui correspondent \u00e0 chaque muscle, articulation, glande et organe dans le corps. En appliquant<span class=\"Apple-converted-space\">\u00a0 <\/span>une pression sur des points r\u00e9flexes sp\u00e9cifiques, le\/la r\u00e9flexologue peut stimuler les glandes ou organes correspondants, aidant ainsi \u00e0 restaurer le fonctionnement normal de tous les syst\u00e8mes du corps. La r\u00e9flexologie vise \u00e0 am\u00e9liorer votre sant\u00e9 en diminuant la tension, en induisant une relaxation profonde et augmentant la circulation.<\/span><\/p>\n<p>[\/vc_column_text][vc_separator type=\u00a0\u00bbnormal\u00a0\u00bb position=\u00a0\u00bbcenter\u00a0\u00bb color=\u00a0\u00bb#8fc7ea\u00a0\u00bb width_in_percentages=\u00a0\u00bb\u00a0\u00bb up=\u00a0\u00bb30&Prime;][\/vc_column][\/vc_row][vc_row row_type=\u00a0\u00bbrow\u00a0\u00bb use_row_as_full_screen_section=\u00a0\u00bbno\u00a0\u00bb type=\u00a0\u00bbgrid\u00a0\u00bb text_align=\u00a0\u00bbleft\u00a0\u00bb background_image_as_pattern=\u00a0\u00bbwithout_pattern\u00a0\u00bb padding_top=\u00a0\u00bb25&Prime; padding_bottom=\u00a0\u00bb25&Prime;][vc_column width=\u00a0\u00bb1\/1&Prime;][vc_column_text]<\/p>\n<h3 class=\"p1\"><span class=\"s1\" style=\"color: #a3cf5f;\">Comment fonctionne la r\u00e9flexologie?<\/span><\/h3>\n<p>When a reflexologist acupresses (applies pressure with his\/her fingers) specific points on the hands or feet, this excites the nerve endings, sending an electric impulse to the particular organ, gland or part of the body this particular nerve serves. Reflexology thus works through the \u201cautonomic nervous system\u201d, and the effect can be compared to that of an internal massage. Reflexology is also known to stimulate the release of endorphins (feel good hormones) in the body.[\/vc_column_text][vc_separator type=\u00a0\u00bbnormal\u00a0\u00bb position=\u00a0\u00bbcenter\u00a0\u00bb color=\u00a0\u00bb#8fc7ea\u00a0\u00bb width_in_percentages=\u00a0\u00bb\u00a0\u00bb up=\u00a0\u00bb30&Prime;][\/vc_column][\/vc_row][vc_row row_type=\u00a0\u00bbrow\u00a0\u00bb use_row_as_full_screen_section=\u00a0\u00bbno\u00a0\u00bb type=\u00a0\u00bbgrid\u00a0\u00bb text_align=\u00a0\u00bbleft\u00a0\u00bb background_image_as_pattern=\u00a0\u00bbwithout_pattern\u00a0\u00bb padding_top=\u00a0\u00bb45&Prime; padding_bottom=\u00a0\u00bb25&Prime;][vc_column width=\u00a0\u00bb2\/3&Prime;][vc_column_text]<\/p>\n<h3 class=\"p1\"><span class=\"s1\" style=\"color: #a3cf5e;\">Quand la r\u00e9flexologie peut-elle m\u2019aider?<\/span><\/h3>\n<p class=\"p1\"><span class=\"s1\">\u00c9tant donn\u00e9 que la r\u00e9flexologie est s\u00e9curitaire pour la majorit\u00e9 des personnes \u00e0 tout \u00e2ge et que la th\u00e9rapie ne produit pas d\u2019effets secondaires nocifs, c\u2019est une th\u00e9rapie id\u00e9ale qui peut soulager un grand nombre de malaises chroniques reli\u00e9es au stress. Choisissez la r\u00e9flexologie pour :<\/span><\/p>\n<ul>\n<li class=\"p1\">Soulager stress et tensions<\/li>\n<li class=\"p1\"><span class=\"s1\">Promouvoir une relaxation profonde<\/span><\/li>\n<li class=\"p1\"><span class=\"s1\">Am\u00e9liorer le sommeil<\/span><\/li>\n<li class=\"p1\"><span class=\"s1\">Soulager douleurs, maux de t\u00eate, migraines<\/span><\/li>\n<li class=\"p1\"><span class=\"s1\">Soulager l\u2019anxi\u00e9t\u00e9 <\/span><\/li>\n<li class=\"p1\"><span class=\"s1\">Soulager probl\u00e8mes digestifs<\/span><\/li>\n<li class=\"p1\"><span class=\"s1\">Soulager le syndrome pr\u00e9menstruel (SPM) et les sympt\u00f4mes de la m\u00e9nopause<\/span><\/li>\n<li class=\"p1\"><span class=\"s1\">Am\u00e9liorer la circulation sanguine et lymphatique<\/span><\/li>\n<li class=\"p1\"><span class=\"s1\">Renforcer le syst\u00e8me immunitaire<\/span><\/li>\n<li class=\"p1\"><span class=\"s1\">Accro\u00eetre le niveau d\u2019\u00e9nergie<\/span><\/li>\n<li class=\"p1\"><span class=\"s1\">Aider le corps \u00e0 retrouver son \u00e9quilibre naturel (hom\u00e9ostasie)<\/span><\/li>\n<li class=\"p1\"><span class=\"s1\">Lors de traumatismes au cou et \u00e0 la t\u00eate (coup du lapin)<\/span><\/li>\n<li class=\"p1\"><span class=\"s1\">Lors de fascite plantaire et sciatique<\/span><\/li>\n<li class=\"p1\"><span class=\"s1\">Soulager les douleurs chroniques dans les pieds<\/span><\/li>\n<\/ul>\n<p>[\/vc_column_text][\/vc_column][vc_column width=\u00a0\u00bb1\/3&Prime;][vc_separator type=\u00a0\u00bbnormal\u00a0\u00bb position=\u00a0\u00bbcenter\u00a0\u00bb width_in_percentages=\u00a0\u00bb\u00a0\u00bb up=\u00a0\u00bb140&Prime; thickness=\u00a0\u00bb0&Prime;][vc_single_image image=\u00a0\u00bb17196&Prime; border_color=\u00a0\u00bbgrey\u00a0\u00bb img_link_large=\u00a0\u00bb\u00a0\u00bb img_link_target=\u00a0\u00bb_self\u00a0\u00bb img_size=\u00a0\u00bb250&#215;350&Prime;][\/vc_column][vc_column][vc_separator type=\u00a0\u00bbnormal\u00a0\u00bb position=\u00a0\u00bbcenter\u00a0\u00bb color=\u00a0\u00bb#8fc6e8&Prime; width_in_percentages=\u00a0\u00bb\u00a0\u00bb up=\u00a0\u00bb30&Prime;][\/vc_column][\/vc_row][vc_row row_type=\u00a0\u00bbrow\u00a0\u00bb use_row_as_full_screen_section=\u00a0\u00bbno\u00a0\u00bb type=\u00a0\u00bbgrid\u00a0\u00bb text_align=\u00a0\u00bbleft\u00a0\u00bb background_image_as_pattern=\u00a0\u00bbwithout_pattern\u00a0\u00bb padding_top=\u00a0\u00bb25&Prime; padding_bottom=\u00a0\u00bb25&Prime;][vc_column width=\u00a0\u00bb1\/1&Prime;][vc_column_text]<\/p>\n<h3 class=\"p1\"><span style=\"color: #a3cf5f;\">La R\u00e9flexologie est-elle pour vous?<\/span><\/h3>\n<p class=\"p1\"><span class=\"s1\">La r\u00e9flexologie est une th\u00e9rapie compl\u00e8te en elle-m\u00eame, mais elle peut \u00eatre compl\u00e9mentaire \u00e0 d\u2019autres th\u00e9rapies alternatives ou traitements allopathiques. Elle est id\u00e9ale avant les traitements en ost\u00e9opathique, en chiropratique ou encore en physioth\u00e9rapie, ainsi qu\u2019avant et apr\u00e8s des chirurgies.<\/span><\/p>\n<p>[\/vc_column_text][vc_separator type=\u00a0\u00bbnormal\u00a0\u00bb position=\u00a0\u00bbcenter\u00a0\u00bb color=\u00a0\u00bb#8fc7ea\u00a0\u00bb width_in_percentages=\u00a0\u00bb\u00a0\u00bb up=\u00a0\u00bb30&Prime;][\/vc_column][\/vc_row][vc_row row_type=\u00a0\u00bbrow\u00a0\u00bb use_row_as_full_screen_section=\u00a0\u00bbno\u00a0\u00bb type=\u00a0\u00bbgrid\u00a0\u00bb text_align=\u00a0\u00bbleft\u00a0\u00bb background_image_as_pattern=\u00a0\u00bbwithout_pattern\u00a0\u00bb padding_top=\u00a0\u00bb25&Prime; padding_bottom=\u00a0\u00bb25&Prime;][vc_column width=\u00a0\u00bb1\/1&Prime;][vc_column_text]<\/p>\n<h3 class=\"p1\"><span class=\"s1\" style=\"color: #a3cf5f;\">Y a-t-il des contre-indications?<\/span><\/h3>\n<p class=\"p1\"><span class=\"s1\">La r\u00e9flexologie est g\u00e9n\u00e9ralement s\u00e9curitaire pour tous et \u00e0 tout \u00e2ge, elle n\u2019a pas d\u2019effets secondaires nocifs. Par contre, parlez avec votre r\u00e9flexologue ou votre m\u00e9decin avant d\u2019entreprendre des traitements si vous vous reconnaissez dans les cas mentionn\u00e9s ci-dessous, il sera peut-\u00eatre sage de remettre \u00e0 plus tard les s\u00e9ances de traitements\u00a0:<\/span><\/p>\n<p class=\"p1\" style=\"text-align: left; padding-left: 30px;\"><span class=\"s1\">Grossesse (1<\/span><span class=\"s2\"><sup>er<\/sup><\/span><span class=\"s1\"> trimestre ou \u00e0 risque); cancer du sein ou lymphatique; conditions infectieuses; verrues plantaires; ecchymoses s\u00e9v\u00e8res; plaies ouvertes; inflammation; fi\u00e8vre; enflures; phl\u00e9bite; varices; os fractur\u00e9s.<\/span><\/p>\n<p class=\"p1\"><span class=\"s1\">Les th\u00e9rapeutes en r\u00e9flexologie sont instruits avec grand soin au respect et au bien-\u00eatre de chaque client. Notre but premier est toujours la relaxation et d\u00e9tente compl\u00e8te de la personne qui re\u00e7oit le traitement.<\/span><\/p>\n<p>[\/vc_column_text][vc_separator type=\u00a0\u00bbnormal\u00a0\u00bb position=\u00a0\u00bbcenter\u00a0\u00bb color=\u00a0\u00bb#8fc7ea\u00a0\u00bb width_in_percentages=\u00a0\u00bb\u00a0\u00bb up=\u00a0\u00bb30&Prime;][\/vc_column][\/vc_row][vc_row row_type=\u00a0\u00bbrow\u00a0\u00bb use_row_as_full_screen_section=\u00a0\u00bbno\u00a0\u00bb type=\u00a0\u00bbgrid\u00a0\u00bb text_align=\u00a0\u00bbleft\u00a0\u00bb background_image_as_pattern=\u00a0\u00bbwithout_pattern\u00a0\u00bb padding_top=\u00a0\u00bb25&Prime; padding_bottom=\u00a0\u00bb25&Prime;][vc_column width=\u00a0\u00bb1\/1&Prime;][vc_column_text]<\/p>\n<h3 class=\"p1\"><span class=\"s1\" style=\"color: #a3cf5e;\">Comment se d\u00e9roule une s\u00e9ance de r\u00e9flexologie?<\/span><\/h3>\n<p class=\"p1\"><span class=\"s1\">Lors de votre premi\u00e8re visite je vous demanderai de remplir un questionnaire d\u00e9taill\u00e9 et confidentiel sur votre sant\u00e9. Plus je conna\u00eetrai vos ant\u00e9c\u00e9dents m\u00e9dicaux, mieux je pourrai r\u00e9pondre \u00e0 vos besoins individuels. Ensuite vous vous allongerez, enti\u00e8rement v\u00eatu, sur la table de massage ou sur la chaise anti-gravit\u00e9. Vous n\u2019avez qu\u2019\u00e0 enlever vos chaussures et vos bas. Pour la r\u00e9flexologie des mains, rien de plus simple&#8230; vous vous allongerez et vous n&rsquo;aurez qu&rsquo;\u00e0 vous d\u00e9tendre. <\/span><\/p>\n<p class=\"p1\"><span class=\"s1\">Je d\u00e9bute la s\u00e9ance par quelques techniques de relaxation qui visent \u00e0 r\u00e9chauffer les zones \u00e0 traiter avant de passer \u00e0 la s\u00e9ance proprement dite, adaptant la pression \u00e0 votre niveau de confort et de tol\u00e9rance. Souvent les clients s\u2019endorment durant leur s\u00e9ance de r\u00e9flexologie, en terminant<span class=\"Apple-converted-space\">\u00a0 <\/span>la majorit\u00e9 des clients t\u00e9moignent d&rsquo;une profonde d\u00e9tente et se sentent bien ancr\u00e9s.<\/span><\/p>\n<p>[\/vc_column_text][vc_separator type=\u00a0\u00bbnormal\u00a0\u00bb position=\u00a0\u00bbcenter\u00a0\u00bb color=\u00a0\u00bb#8fc7ea\u00a0\u00bb width_in_percentages=\u00a0\u00bb\u00a0\u00bb up=\u00a0\u00bb30&Prime;][\/vc_column][\/vc_row][vc_row row_type=\u00a0\u00bbrow\u00a0\u00bb use_row_as_full_screen_section=\u00a0\u00bbno\u00a0\u00bb type=\u00a0\u00bbgrid\u00a0\u00bb text_align=\u00a0\u00bbleft\u00a0\u00bb background_image_as_pattern=\u00a0\u00bbwithout_pattern\u00a0\u00bb padding_top=\u00a0\u00bb25&Prime; padding_bottom=\u00a0\u00bb25&Prime;][vc_column width=\u00a0\u00bb1\/1&Prime;][vc_column_text]<\/p>\n<h3 class=\"p1\"><span class=\"s1\" style=\"color: #a3cf5e;\">Combien de temps dure une s\u00e9ance<span class=\"Apple-converted-space\">\u00a0 <\/span>de r\u00e9flexologie?<\/span><\/h3>\n<p class=\"p1\"><span class=\"s1\">La plupart des s\u00e9ances durent environ une heure, mais elles peuvent \u00eatre plus courtes, lorsqu\u2019un client est tr\u00e8s malade, pour les personnes \u00e2g\u00e9es ou les enfants en bas \u00e2ge. Certaines s\u00e9ances, comme des s\u00e9ances combin\u00e9es de pieds-mains, ou pieds-massage sur chaise, ou celles avec un bain des pieds, peuvent durer jusqu\u2019\u00e0 90 minutes.<\/span><\/p>\n<p>[\/vc_column_text][vc_separator type=\u00a0\u00bbnormal\u00a0\u00bb position=\u00a0\u00bbcenter\u00a0\u00bb color=\u00a0\u00bb#8fc7ea\u00a0\u00bb width_in_percentages=\u00a0\u00bb\u00a0\u00bb up=\u00a0\u00bb30&Prime;][\/vc_column][\/vc_row][vc_row row_type=\u00a0\u00bbrow\u00a0\u00bb use_row_as_full_screen_section=\u00a0\u00bbno\u00a0\u00bb type=\u00a0\u00bbgrid\u00a0\u00bb text_align=\u00a0\u00bbleft\u00a0\u00bb background_image_as_pattern=\u00a0\u00bbwithout_pattern\u00a0\u00bb padding_top=\u00a0\u00bb25&Prime; padding_bottom=\u00a0\u00bb25&Prime;][vc_column width=\u00a0\u00bb1\/1&Prime;][vc_column_text]<\/p>\n<h3 class=\"p1\"><span class=\"s1\" style=\"color: #a3cf5e;\">L&rsquo;histoire de la r\u00e9flexologie<\/span><\/h3>\n<p class=\"p1\"><span class=\"s1\">Dans certaines cultures antiques, comme l\u2019\u00c9gypte, la Chine, le P\u00e9rou et certaines cultures Am\u00e9rindiennes de l\u2019Am\u00e9rique du nord, la r\u00e9flexologie existe depuis 3000 \u2013 4000 ans. Il existe dans quelques pyramides d&rsquo;\u00c9gypte un pictogramme tr\u00e8s connu montrant des gu\u00e9risseurs utilisant des techniques d\u2019acupressure aux pieds et aux mains. Dans les cultures occidentales la r\u00e9flexologie a connu ses d\u00e9buts il y a environ 100 ans. Un oto-rhino-laryngologue am\u00e9ricain, le Dr. William Fitzgerald rapporta son expertise sur les \u00e9tudes faites de techniques d\u2019anesth\u00e9sie en utilisant des points de pression sur les mains et les pieds. Eunice Ingham suivit ses traces, en approfondissant et \u00e9laborant la technique. Elle d\u00e9veloppa un diagramme d\u00e9taill\u00e9 localisant les organes et les parties du corps sur chaque pied. Aujourd\u2019hui, on trouve des variations de ce diagramme partout \u00e0 travers le monde.<\/span><\/p>\n<p>[\/vc_column_text][vc_separator type=\u00a0\u00bbnormal\u00a0\u00bb position=\u00a0\u00bbcenter\u00a0\u00bb color=\u00a0\u00bb#8fc7ea\u00a0\u00bb width_in_percentages=\u00a0\u00bb\u00a0\u00bb up=\u00a0\u00bb30&Prime;][\/vc_column][\/vc_row][vc_row row_type=\u00a0\u00bbrow\u00a0\u00bb use_row_as_full_screen_section=\u00a0\u00bbno\u00a0\u00bb type=\u00a0\u00bbgrid\u00a0\u00bb text_align=\u00a0\u00bbleft\u00a0\u00bb background_image_as_pattern=\u00a0\u00bbwithout_pattern\u00a0\u00bb padding_top=\u00a0\u00bb25&Prime; padding_bottom=\u00a0\u00bb25&Prime;][vc_column width=\u00a0\u00bb1\/1&Prime;][vc_column_text]<\/p>\n<h3 class=\"p1\"><span class=\"s1\" style=\"color: #a3cf5e;\">Est-ce que je peux travailler moi-m\u00eame sur mes mains et mes pieds?<\/span><\/h3>\n<p class=\"p1\"><span class=\"s1\">Absolument. Je donne souvent \u201cdes devoirs\u201d \u00e0 mes clients pour qu\u2019ils puissent traiter certains points chez eux et pour se soulager au besoin entre deux s\u00e9ances ou comme suivi de traitement. Notre sant\u00e9 se trouve au bout de nos doigts!<\/span><\/p>\n<p>[\/vc_column_text][vc_separator type=\u00a0\u00bbnormal\u00a0\u00bb position=\u00a0\u00bbcenter\u00a0\u00bb color=\u00a0\u00bb#8fc7ea\u00a0\u00bb width_in_percentages=\u00a0\u00bb\u00a0\u00bb up=\u00a0\u00bb30&Prime;][\/vc_column][\/vc_row][vc_row row_type=\u00a0\u00bbrow\u00a0\u00bb use_row_as_full_screen_section=\u00a0\u00bbno\u00a0\u00bb type=\u00a0\u00bbgrid\u00a0\u00bb text_align=\u00a0\u00bbleft\u00a0\u00bb background_image_as_pattern=\u00a0\u00bbwithout_pattern\u00a0\u00bb padding_top=\u00a0\u00bb25&Prime; padding_bottom=\u00a0\u00bb25&Prime;][vc_column width=\u00a0\u00bb1\/1&Prime;][vc_column_text]<\/p>\n<h3 class=\"p1\"><span class=\"s1\" style=\"color: #a3cf5e;\">Y a-t-il des recherches scientifiques qui appuient la r\u00e9flexologie?<\/span><\/h3>\n<p class=\"p1\"><span class=\"s1\">Les recherches sur la r\u00e9flexologie sont en hausse, surtout dans des pays comme le Danemark, le R.-U. et la Chine, o\u00f9 la r\u00e9flexologie est tr\u00e8s populaire et fait partie des soins m\u00e9dicaux. Un h\u00f4pital suisse offre des traitements de r\u00e9flexologie dans son d\u00e9partement de dialyse. Au Danemark, la r\u00e9flexologie est la principale m\u00e9thode compl\u00e9mentaire et alternative de choix. Au R.-U., la r\u00e9flexologie est tr\u00e8s r\u00e9pandue depuis les ann\u00e9es 1950 et la m\u00e9thode est int\u00e9gr\u00e9e dans les hospices de soins palliatifs, les h\u00f4pitaux, les unit\u00e9s de maternit\u00e9 et les r\u00e9sidences pour personnes \u00e2g\u00e9es.<\/span><\/p>\n<p>[\/vc_column_text][vc_separator type=\u00a0\u00bbnormal\u00a0\u00bb position=\u00a0\u00bbcenter\u00a0\u00bb color=\u00a0\u00bb#8fc7ea\u00a0\u00bb width_in_percentages=\u00a0\u00bb\u00a0\u00bb up=\u00a0\u00bb30&Prime;][\/vc_column][\/vc_row][vc_row row_type=\u00a0\u00bbrow\u00a0\u00bb use_row_as_full_screen_section=\u00a0\u00bbno\u00a0\u00bb type=\u00a0\u00bbgrid\u00a0\u00bb text_align=\u00a0\u00bbleft\u00a0\u00bb background_image_as_pattern=\u00a0\u00bbwithout_pattern\u00a0\u00bb padding_top=\u00a0\u00bb25&Prime; padding_bottom=\u00a0\u00bb25&Prime;][vc_column width=\u00a0\u00bb1\/1&Prime;][vc_column_text]<\/p>\n<h3 class=\"p1\"><span class=\"s1\" style=\"color: #a3cf5e;\">Comment s&rsquo;assurer qu\u2019un(e) r\u00e9flexologue est bien qualifi\u00e9(e)?<\/span><\/h3>\n<p class=\"p1\"><span class=\"s1\">Demander \u00e0 votre r\u00e9flexologue si il ou elle est membre d\u2019une association reconnue, telle que l\u2019Association canadienne de r\u00e9flexologie (ACR), qui fixe les standards, qui maintient un code de d\u00e9ontologie et de conduite aux membres. L\u2019ACR fut \u00e9tabli en 1976 et repr\u00e9sente les r\u00e9flexologues d\u2019un oc\u00e9an \u00e0 l\u2019autre du Canada. V\u00e9rifiez aussi si le\/la th\u00e9rapeute est inscrit(e) dans un programme de formation continu, comme le TARC, qui exige un certain nombre d\u2019heures compl\u00e9t\u00e9es en formation continue. <\/span><\/p>\n<p class=\"p1\"><span class=\"s1\">Visitez le site web de l\u2019Association canadienne de r\u00e9flexologie (ACR) <a href=\"http:\/\/www.reflexologycanada.ca\/\"><span class=\"s2\">www.reflexologycanada.ca<\/span><\/a>,<span class=\"Apple-converted-space\">\u00a0 <\/span>ou <a href=\"http:\/\/www.reflexquebec.com\/\"><span class=\"s2\">www.reflexquebec.com<\/span><\/a><span class=\"Apple-converted-space\">\u00a0 <\/span>pour une liste des r\u00e9flexologues certifi\u00e9(e)s dans votre r\u00e9gion. <\/span><\/p>\n<p>[\/vc_column_text][vc_separator type=\u00a0\u00bbnormal\u00a0\u00bb position=\u00a0\u00bbcenter\u00a0\u00bb color=\u00a0\u00bb#8fc7ea\u00a0\u00bb width_in_percentages=\u00a0\u00bb\u00a0\u00bb up=\u00a0\u00bb30&Prime;][\/vc_column][\/vc_row][vc_row row_type=\u00a0\u00bbparallax\u00a0\u00bb type=\u00a0\u00bbgrid\u00a0\u00bb text_align=\u00a0\u00bbleft\u00a0\u00bb padding_top=\u00a0\u00bb99&Prime; padding_bottom=\u00a0\u00bb90&Prime; anchor=\u00a0\u00bbportfolio\u00a0\u00bb content_menu_title=\u00a0\u00bbPortfolio List\u00a0\u00bb content_menu_icon=\u00a0\u00bbfa-list\u00a0\u00bb background_color=\u00a0\u00bb#ffffff\u00a0\u00bb background_image=\u00a0\u00bb17758&Prime; section_height=\u00a0\u00bb390&Prime; use_row_as_full_screen_section=\u00a0\u00bbno\u00a0\u00bb background_image_as_pattern=\u00a0\u00bbwithout_pattern\u00a0\u00bb][vc_column width=\u00a0\u00bb1\/1&Prime;][vc_separator type=\u00a0\u00bbtransparent\u00a0\u00bb position=\u00a0\u00bbcenter\u00a0\u00bb up=\u00a0\u00bb50&Prime; down=\u00a0\u00bb0&Prime; width_in_percentages=\u00a0\u00bb\u00a0\u00bb][vc_column_text]<\/p>\n<h2 style=\"text-align: center;\">CE QU&rsquo;ILS DISENT<\/h2>\n<pre id=\"tw-target-text\" class=\"tw-data-text vk_txt tw-ta tw-text-medium\" dir=\"ltr\" data-placeholder=\"Translation\" data-fulltext=\"\"><\/pre>\n<p>[\/vc_column_text][vc_separator type=\u00a0\u00bbtransparent\u00a0\u00bb position=\u00a0\u00bbcenter\u00a0\u00bb down=\u00a0\u00bb0&Prime; up=\u00a0\u00bb0&Prime; width_in_percentages=\u00a0\u00bb\u00a0\u00bb]<div class='testimonials_holder clearfix dark'><div class=\"testimonials testimonials_carousel\" data-show-navigation=\"yes\" data-animation-type=\"fade\" data-animation-speed=\"200\" data-auto-rotate-slides=\"5\" data-number-per-slide=\"1\"><ul class=\"slides\"><li id=\"testimonials17526\" class=\"testimonial_content\"><div class=\"testimonial_content_inner\"><div class=\"testimonial_text_holder\"><div class=\"testimonial_text_inner\" style=\"color: #000000;\"><p style=\"font-size:14px;color:#000000\">\"Andrea est une alchimiste avec ses mains. Elle me transporte dans une autre dimension \u00e0 chaque fois que je suis \u00e9tendue sur sa table de massage. Je rentre dans un espace qui est beaucoup plus profond que la simple d\u00e9tente. C\u2019est vraiment un espace zen que je porte en moi longtemps apr\u00e8s que je quitte sa pratique.\"<\/p><p class=\"testimonial_author\" style=\"color: #000000;font-weight: 600;color: #a3cf5f;\">Lianne Bridges, Hudson<\/p><\/div><\/div><\/div><\/li><li id=\"testimonials17531\" class=\"testimonial_content\"><div class=\"testimonial_content_inner\"><div class=\"testimonial_text_holder\"><div class=\"testimonial_text_inner\" style=\"color: #000000;\"><p style=\"font-size:14px;color:#000000\">Je ressentais dans mes orteils un engourdissement, une perte de sensation et je manquais d\u2019\u00e9nergie en g\u00e9n\u00e9ral. Je consulte pour des traitements en r\u00e9flexologie aux deux semaines, et je peux honn\u00eatement dire qu\u2019apr\u00e8s quelques mois la sensation dans mes orteils est redevenue normale et j\u2019ai retrouv\u00e9 un gain d\u2019\u00e9nergie. Je me r\u00e9jouis de chaque visite, car le soin donn\u00e9 par Andrea est tr\u00e8s professionnel et personnel. Je la recommande vivement.<\/p><p class=\"testimonial_author\" style=\"color: #000000;font-weight: 600;color: #a3cf5f;\">Heidi Krol Williamstown ON<\/p><\/div><\/div><\/div><\/li><li id=\"testimonials17534\" class=\"testimonial_content\"><div class=\"testimonial_content_inner\"><div class=\"testimonial_text_holder\"><div class=\"testimonial_text_inner\" style=\"color: #000000;\"><p style=\"font-size:14px;color:#000000\">\"Je suis venue consulter Andrea en avril 2014 pour des de douleurs dans les pieds si intenses que cela affectait grandement ma d\u00e9marche la majorit\u00e9 du temps. Apr\u00e8s 8 mois de traitements, avec ses mains d\u2019or, j\u2019\u00e9tais capable de marcher normalement le plus souvent avec un minimum de douleur. Andrea est une th\u00e9rapeute professionnelle qui prend le temps d'entendre vos pr\u00e9occupations et fait de son mieux pour aider ses clients. J\u2019aimerais remercier Andrea pour son travail acharn\u00e9 alors que je continue \u00e0 recevoir ses traitements, et je n\u2019h\u00e9siterais pas \u00e0  recommander Andrea \u00e0 toute personne pr\u00eate \u00e0 essayer des m\u00e9thodes alternatives pour traiter la douleur.\"<\/p><p class=\"testimonial_author\" style=\"color: #000000;font-weight: 600;color: #a3cf5f;\">Irina Maryandysheva, St-Lazare<\/p><\/div><\/div><\/div><\/li><li id=\"testimonials17535\" class=\"testimonial_content\"><div class=\"testimonial_content_inner\"><div class=\"testimonial_text_holder\"><div class=\"testimonial_text_inner\" style=\"color: #000000;\"><p style=\"font-size:14px;color:#000000\">\u201cJe ne peux croire \u00e0 la diminution de l\u2019enflure dans mon genou et \u00e0 quel point je marche mieux et avec tellement moins de douleur. J\u2019aurais d\u00fb venir te voir il y a des mois! Bien s\u00fbr, j'ai tout de m\u00eame besoin d'une chirurgie, mais tu auras rendu la semaine avant la chirurgie d'autant plus facile et endurable. MERCI INFINIMENT!!! Je ne peux vraiment pas te remercier suffisamment.\u201d<\/p><p class=\"testimonial_author\" style=\"color: #000000;font-weight: 600;color: #a3cf5f;\">Susan Merrifield, St-Lazare<\/p><\/div><\/div><\/div><\/li><li id=\"testimonials17536\" class=\"testimonial_content\"><div class=\"testimonial_content_inner\"><div class=\"testimonial_text_holder\"><div class=\"testimonial_text_inner\" style=\"color: #000000;\"><p style=\"font-size:14px;color:#000000\">Andrea est une th\u00e9rapeute talentueuse et tr\u00e8s compatissante. Elle nous r\u00e9serve un espace merveilleusement invitant et je me sens si paisible dans sa pratique. Ses traitements en r\u00e9flexologie sont merveilleusement relaxants et si profonds, je me sens toujours rajeunie et revigor\u00e9e apr\u00e8s les traitements!<\/p><p class=\"testimonial_author\" style=\"color: #000000;font-weight: 600;color: #a3cf5f;\">Joanna. McDonald, St-Lazare<\/p><\/div><\/div><\/div><\/li><\/ul><\/div><\/div>[\/vc_column][\/vc_row]<\/p>\n<\/div>","protected":false},"excerpt":{"rendered":"<p>[vc_row row_type=\u00a0\u00bbrow\u00a0\u00bb use_row_as_full_screen_section=\u00a0\u00bbno\u00a0\u00bb type=\u00a0\u00bbgrid\u00a0\u00bb text_align=\u00a0\u00bbleft\u00a0\u00bb background_image_as_pattern=\u00a0\u00bbwithout_pattern\u00a0\u00bb padding_top=\u00a0\u00bb25&Prime; padding_bottom=\u00a0\u00bb25&Prime; anchor=\u00a0\u00bbHow does Reflexology work\u00a0\u00bb][vc_column width=\u00a0\u00bb1\/1&Prime;][vc_column_text] Qu&rsquo;est-ce la r\u00e9flexologie?\u00a0 La R\u00e9flexologie est un art de gu\u00e9rison ancien bas\u00e9 sur le principe qu&rsquo;il existe des points r\u00e9flexes dans les pieds, les mains et les oreilles qui correspondent \u00e0 chaque&#8230;<\/p>\n","protected":false},"author":1,"featured_media":0,"parent":0,"menu_order":0,"comment_status":"open","ping_status":"open","template":"full_width.php","meta":{"footnotes":""},"class_list":["post-17491","page","type-page","status-publish","hentry"],"_links":{"self":[{"href":"https:\/\/reflexoasis.com\/fr\/wp-json\/wp\/v2\/pages\/17491","targetHints":{"allow":["GET"]}}],"collection":[{"href":"https:\/\/reflexoasis.com\/fr\/wp-json\/wp\/v2\/pages"}],"about":[{"href":"https:\/\/reflexoasis.com\/fr\/wp-json\/wp\/v2\/types\/page"}],"author":[{"embeddable":true,"href":"https:\/\/reflexoasis.com\/fr\/wp-json\/wp\/v2\/users\/1"}],"replies":[{"embeddable":true,"href":"https:\/\/reflexoasis.com\/fr\/wp-json\/wp\/v2\/comments?post=17491"}],"version-history":[{"count":24,"href":"https:\/\/reflexoasis.com\/fr\/wp-json\/wp\/v2\/pages\/17491\/revisions"}],"predecessor-version":[{"id":17764,"href":"https:\/\/reflexoasis.com\/fr\/wp-json\/wp\/v2\/pages\/17491\/revisions\/17764"}],"wp:attachment":[{"href":"https:\/\/reflexoasis.com\/fr\/wp-json\/wp\/v2\/media?parent=17491"}],"curies":[{"name":"wp","href":"https:\/\/api.w.org\/{rel}","templated":true}]}}