{"id":17497,"date":"2015-06-13T16:47:10","date_gmt":"2015-06-13T16:47:10","guid":{"rendered":"http:\/\/reflexoasis.com\/?page_id=17497"},"modified":"2015-06-14T02:27:53","modified_gmt":"2015-06-14T02:27:53","slug":"reflexologie-cranio-sacrale","status":"publish","type":"page","link":"https:\/\/reflexoasis.com\/fr\/reflexologie-cranio-sacrale\/","title":{"rendered":"R\u00e9flexologie cranio-sacrale"},"content":{"rendered":"<div class=\"wpb-content-wrapper\"><p>[vc_row row_type=\u00a0\u00bbrow\u00a0\u00bb use_row_as_full_screen_section=\u00a0\u00bbno\u00a0\u00bb type=\u00a0\u00bbgrid\u00a0\u00bb text_align=\u00a0\u00bbleft\u00a0\u00bb background_image_as_pattern=\u00a0\u00bbwithout_pattern\u00a0\u00bb padding_bottom=\u00a0\u00bb40&Prime; padding_top=\u00a0\u00bb40&Prime;][vc_column width=\u00a0\u00bb1\/3&Prime; css=\u00a0\u00bb.vc_custom_1431315675268{border-top-width: 20px !important;padding-top: 10px !important;}\u00a0\u00bb][vc_single_image image=\u00a0\u00bb17238&Prime; border_color=\u00a0\u00bbgrey\u00a0\u00bb img_link_large=\u00a0\u00bb\u00a0\u00bb img_link_target=\u00a0\u00bb_self\u00a0\u00bb img_size=\u00a0\u00bbfull\u00a0\u00bb style=\u00a0\u00bbvc_box_shadow\u00a0\u00bb][\/vc_column][vc_column width=\u00a0\u00bb2\/3&Prime;][vc_column_text]<\/p>\n<h2 class=\"p1\"><span class=\"s1\" style=\"color: #a3cf5e;\">R\u00e9flexologie cranio-sacrale<\/span><\/h2>\n<p class=\"p1\"><span class=\"s1\">Cette th\u00e9rapie holistique et non-invasive d\u00e9velopp\u00e9e par la Dr. Martine Faure-Alderson, D.O. vise \u00e0 r\u00e9tablir la circulation libre du liquide c\u00e9phalo-rachidien (LCR) essentielle au bon fonctionnement de tous les organes, glandes et tissus. Lorsque la circulation du LCR est perturb\u00e9e, des dysfonctions et la maladie s\u2019installent. Ces restrictions ou blocages peuvent \u00eatre caus\u00e9s par des probl\u00e8mes ou traumatismes physiques, \u00e9motionnels ou mentaux, la tension ou le stress chroniques. Il existe plusieurs proc\u00e9dures visant \u00e0 soulager un grand nombre de conditions, entre autres la th\u00e9rapie cranio-sacr\u00e9e de base, cardio-vasculaire, lymphatique, l\u2019hormonal ainsi que pour traiter le syst\u00e8me nerveux v\u00e9g\u00e9tatif (autonome).<\/span><\/p>\n<h3 class=\"p1\"><span class=\"s1\" style=\"color: #a3cf5e;\">Les traumatismes qui r\u00e9pondent favorablement aux traitements CSR (cranio-sacr\u00e9s) :<\/span><\/h3>\n<ul>\n<li class=\"p1\"><span class=\"s1\">Suivant des accidents de la route, de ski ou autres chutes s\u00e9v\u00e8res;<\/span><\/li>\n<li class=\"p1\"><span class=\"s1\">Coups de lapin et blessures \u00e0 la t\u00eate, ainsi que chutes sur le coccyx et le sacrum;<\/span><\/li>\n<li class=\"p1\"><span class=\"s1\">Traumatismes de nature physique, mentale ou \u00e9motionnelle;<\/span><\/li>\n<li class=\"p1\"><span class=\"s1\">Lors d&rsquo;accouchements difficiles, pour venir en aide aux nouveau-n\u00e9s, soins aux b\u00e9b\u00e9s pr\u00e9matur\u00e9s, lors de coliques, de troubles du sommeil, de pleurs excessifs, de reflux, d&rsquo;infections aux oreilles r\u00e9currentes, d&rsquo;infections du nez ou de la gorge, de retard du d\u00e9veloppement et du comportement;<\/span><\/li>\n<li class=\"p1\"><span class=\"s1\">Conditions g\u00e9n\u00e9rales\u00a0: maladies reli\u00e9es au stress, insomnie, anxi\u00e9t\u00e9 et d\u00e9pression, syndrome articulaire temporo-mandibulaire (ATM), acouph\u00e8ne, sinusite, asthme, bronchite, maux de t\u00eate et migraines, douleurs du bas du dos, des \u00e9paules et du cou, blessures sportives, fibromyalgie, cancer (effets secondaires).<\/span><\/li>\n<\/ul>\n<p>[\/vc_column_text][\/vc_column][\/vc_row]<\/p>\n<\/div>","protected":false},"excerpt":{"rendered":"<p>[vc_row row_type=\u00a0\u00bbrow\u00a0\u00bb use_row_as_full_screen_section=\u00a0\u00bbno\u00a0\u00bb type=\u00a0\u00bbgrid\u00a0\u00bb text_align=\u00a0\u00bbleft\u00a0\u00bb background_image_as_pattern=\u00a0\u00bbwithout_pattern\u00a0\u00bb padding_bottom=\u00a0\u00bb40&Prime; padding_top=\u00a0\u00bb40&Prime;][vc_column width=\u00a0\u00bb1\/3&Prime; css=\u00a0\u00bb.vc_custom_1431315675268{border-top-width: 20px !important;padding-top: 10px !important;}\u00a0\u00bb][vc_single_image image=\u00a0\u00bb17238&Prime; border_color=\u00a0\u00bbgrey\u00a0\u00bb img_link_large=\u00a0\u00bb\u00a0\u00bb img_link_target=\u00a0\u00bb_self\u00a0\u00bb img_size=\u00a0\u00bbfull\u00a0\u00bb style=\u00a0\u00bbvc_box_shadow\u00a0\u00bb][\/vc_column][vc_column width=\u00a0\u00bb2\/3&Prime;][vc_column_text] R\u00e9flexologie cranio-sacrale Cette th\u00e9rapie holistique et non-invasive d\u00e9velopp\u00e9e par la Dr. Martine Faure-Alderson, D.O. vise \u00e0 r\u00e9tablir la circulation libre du liquide c\u00e9phalo-rachidien (LCR)&#8230;<\/p>\n","protected":false},"author":1,"featured_media":0,"parent":0,"menu_order":0,"comment_status":"open","ping_status":"open","template":"full_width.php","meta":{"footnotes":""},"class_list":["post-17497","page","type-page","status-publish","hentry"],"_links":{"self":[{"href":"https:\/\/reflexoasis.com\/fr\/wp-json\/wp\/v2\/pages\/17497","targetHints":{"allow":["GET"]}}],"collection":[{"href":"https:\/\/reflexoasis.com\/fr\/wp-json\/wp\/v2\/pages"}],"about":[{"href":"https:\/\/reflexoasis.com\/fr\/wp-json\/wp\/v2\/types\/page"}],"author":[{"embeddable":true,"href":"https:\/\/reflexoasis.com\/fr\/wp-json\/wp\/v2\/users\/1"}],"replies":[{"embeddable":true,"href":"https:\/\/reflexoasis.com\/fr\/wp-json\/wp\/v2\/comments?post=17497"}],"version-history":[{"count":2,"href":"https:\/\/reflexoasis.com\/fr\/wp-json\/wp\/v2\/pages\/17497\/revisions"}],"predecessor-version":[{"id":17609,"href":"https:\/\/reflexoasis.com\/fr\/wp-json\/wp\/v2\/pages\/17497\/revisions\/17609"}],"wp:attachment":[{"href":"https:\/\/reflexoasis.com\/fr\/wp-json\/wp\/v2\/media?parent=17497"}],"curies":[{"name":"wp","href":"https:\/\/api.w.org\/{rel}","templated":true}]}}