{"id":17501,"date":"2015-06-13T16:49:51","date_gmt":"2015-06-13T16:49:51","guid":{"rendered":"http:\/\/reflexoasis.com\/?page_id=17501"},"modified":"2015-06-19T02:57:01","modified_gmt":"2015-06-19T02:57:01","slug":"padabhyanga-2","status":"publish","type":"page","link":"https:\/\/reflexoasis.com\/fr\/padabhyanga-2\/","title":{"rendered":"Padabhyanga"},"content":{"rendered":"<div class=\"wpb-content-wrapper\"><p>[vc_row row_type=\u00a0\u00bbrow\u00a0\u00bb use_row_as_full_screen_section=\u00a0\u00bbno\u00a0\u00bb type=\u00a0\u00bbgrid\u00a0\u00bb text_align=\u00a0\u00bbleft\u00a0\u00bb background_image_as_pattern=\u00a0\u00bbwithout_pattern\u00a0\u00bb padding_bottom=\u00a0\u00bb40&Prime; padding_top=\u00a0\u00bb40&Prime;][vc_column width=\u00a0\u00bb1\/3&Prime; css=\u00a0\u00bb.vc_custom_1431315675268{border-top-width: 20px !important;padding-top: 10px !important;}\u00a0\u00bb][vc_single_image image=\u00a0\u00bb17228&Prime; border_color=\u00a0\u00bbgrey\u00a0\u00bb img_link_large=\u00a0\u00bb\u00a0\u00bb img_link_target=\u00a0\u00bb_self\u00a0\u00bb img_size=\u00a0\u00bbfull\u00a0\u00bb style=\u00a0\u00bbvc_box_shadow\u00a0\u00bb][\/vc_column][vc_column width=\u00a0\u00bb2\/3&Prime;][vc_column_text]<\/p>\n<h2><span style=\"color: #a3cf5e;\">Padabhyanga<\/span><\/h2>\n<p class=\"p1\"><span class=\"s1\">L&rsquo;Ayurveda est la m\u00e9decine traditionnelle de l\u2019Inde, le syst\u00e8me de gu\u00e9rison le plus ancien de l\u2019histoire datant d\u2019il y a environ 5000 ans. \u201cAyur\u201d signifie vie, \u201cVeda\u201d veut dire savoir; Ayurveda peut donc \u00eatre traduit par la science de la vie, l\u2019art de vivre. L\u2019approche ayurv\u00e9dique implique d&rsquo;\u00e9quilibrer les \u00e9nergies dans les polarit\u00e9s (t\u00eate et pieds). Le bien-\u00eatre et la capacit\u00e9 de gu\u00e9rir d\u00e9pendent de la circulation libre de l\u2019\u00e9nergie appel\u00e9e Prana ou force vitale. La circulation du Prana est facilit\u00e9e via les Chakras et un r\u00e9seau de Nadis (au nombre de 72\u2019000), sortes de rivi\u00e8res ou canaux subtiles d\u2019\u00e9nergie.<\/span><\/p>\n<h3 class=\"p1\"><span class=\"s1\" style=\"color: #a3cf5e;\">Les bienfaits du Padabhyanga incluent: <\/span><\/h3>\n<ul>\n<li class=\"p1\"><span class=\"s1\">Aide \u00e0 calmer l\u2019esprit<\/span><\/li>\n<li class=\"p1\"><span class=\"s1\">Combattre l\u2019insomnie et la fatigue<\/span><\/li>\n<li class=\"p1\"><span class=\"s1\">Aide \u00e0 maintenir une bonne vision et ou\u00efe<\/span><\/li>\n<li class=\"p1\"><span class=\"s1\">Am\u00e9liore la circulation p\u00e9riph\u00e9rique (dans les membres) <\/span><\/li>\n<li class=\"p1\"><span class=\"s1\">Aide la sant\u00e9 des pieds (soulage les douleurs, am\u00e9liore le tonus musculaire et nourrit la peau) <\/span><\/li>\n<li class=\"p1\"><span class=\"s1\">Aide \u00e0 pr\u00e9venir des crampes et douleurs sciatiques<\/span><\/li>\n<li class=\"p1\"><span class=\"s1\">Aide \u00e0 maintenir en sant\u00e9 le syst\u00e8me immunitaire <\/span><\/li>\n<\/ul>\n<p><span style=\"color: #a3cf5e;\"><strong>Le Padabhyanga\u00a0<\/strong><\/span>revigore<span class=\"s1\">, renforce et rajeunit le corps entier, \u00e9quilibre et calme l\u2019esprit. Les pieds refl\u00e8tent le corps entier, l\u2019esprit et les \u00e9motions, incluant les Chakras et le syst\u00e8me endocrinien. Comme dans la R\u00e9flexologie, lorsque nous traitons les pieds, nous traitons le corps dans sa totalit\u00e9, \u00e0 travers les terminaisons nerveuses. Selon d\u2019anciens textes Indiens sacr\u00e9s:<\/span><\/p>\n<p class=\"p1\" style=\"text-align: center;\"><span class=\"s1\"><b>\u00ab\u00a0La maladie n\u2019approche pas quelqu\u2019un qui masse ses pieds avant de dormir, tout comme un serpent n\u2019approche pas un aigle.\u00a0\u00bb<\/b><\/span><\/p>\n<p class=\"p1\"><span class=\"s1\">En Inde, le <\/span><span style=\"color: #a3cf5e;\"><strong>Padabh<span style=\"color: #a3cf5e;\">yan<\/span>ga\u00a0<\/strong><\/span><span class=\"s1\">est pratiqu\u00e9 comme un rituel quotidien, surtout avant le coucher. L\u2019huile de s\u00e9same est le plus souvent utilis\u00e9e comme huile de base pour le massage. Il est riche en vitamines liposolubles, contient beaucoup de min\u00e9raux et se pr\u00e9serve bien. L\u2019huile de s\u00e9same est un antioxydant puissant, facilement absorb\u00e9 et tr\u00e8s nourrissant pour la peau. Des huiles essentielles sont parfois ajout\u00e9es pour des effets sp\u00e9cifiques.<\/span><\/p>\n<h3 class=\"p1\"><span class=\"s1\" style=\"color: #a3cf5e;\">Contre-indications: \u00a0<\/span><span class=\"s1\">Ne pas pratiquer durant le 1er trimestre de la grossesse!<\/span><\/h3>\n<p>[\/vc_column_text][\/vc_column][\/vc_row]<\/p>\n<\/div>","protected":false},"excerpt":{"rendered":"<p>[vc_row row_type=\u00a0\u00bbrow\u00a0\u00bb use_row_as_full_screen_section=\u00a0\u00bbno\u00a0\u00bb type=\u00a0\u00bbgrid\u00a0\u00bb text_align=\u00a0\u00bbleft\u00a0\u00bb background_image_as_pattern=\u00a0\u00bbwithout_pattern\u00a0\u00bb padding_bottom=\u00a0\u00bb40&Prime; padding_top=\u00a0\u00bb40&Prime;][vc_column width=\u00a0\u00bb1\/3&Prime; css=\u00a0\u00bb.vc_custom_1431315675268{border-top-width: 20px !important;padding-top: 10px !important;}\u00a0\u00bb][vc_single_image image=\u00a0\u00bb17228&Prime; border_color=\u00a0\u00bbgrey\u00a0\u00bb img_link_large=\u00a0\u00bb\u00a0\u00bb img_link_target=\u00a0\u00bb_self\u00a0\u00bb img_size=\u00a0\u00bbfull\u00a0\u00bb style=\u00a0\u00bbvc_box_shadow\u00a0\u00bb][\/vc_column][vc_column width=\u00a0\u00bb2\/3&Prime;][vc_column_text] Padabhyanga L&rsquo;Ayurveda est la m\u00e9decine traditionnelle de l\u2019Inde, le syst\u00e8me de gu\u00e9rison le plus ancien de l\u2019histoire datant d\u2019il y a environ 5000 ans&#8230;.<\/p>\n","protected":false},"author":1,"featured_media":0,"parent":0,"menu_order":0,"comment_status":"open","ping_status":"open","template":"","meta":{"footnotes":""},"class_list":["post-17501","page","type-page","status-publish","hentry"],"_links":{"self":[{"href":"https:\/\/reflexoasis.com\/fr\/wp-json\/wp\/v2\/pages\/17501","targetHints":{"allow":["GET"]}}],"collection":[{"href":"https:\/\/reflexoasis.com\/fr\/wp-json\/wp\/v2\/pages"}],"about":[{"href":"https:\/\/reflexoasis.com\/fr\/wp-json\/wp\/v2\/types\/page"}],"author":[{"embeddable":true,"href":"https:\/\/reflexoasis.com\/fr\/wp-json\/wp\/v2\/users\/1"}],"replies":[{"embeddable":true,"href":"https:\/\/reflexoasis.com\/fr\/wp-json\/wp\/v2\/comments?post=17501"}],"version-history":[{"count":5,"href":"https:\/\/reflexoasis.com\/fr\/wp-json\/wp\/v2\/pages\/17501\/revisions"}],"predecessor-version":[{"id":17733,"href":"https:\/\/reflexoasis.com\/fr\/wp-json\/wp\/v2\/pages\/17501\/revisions\/17733"}],"wp:attachment":[{"href":"https:\/\/reflexoasis.com\/fr\/wp-json\/wp\/v2\/media?parent=17501"}],"curies":[{"name":"wp","href":"https:\/\/api.w.org\/{rel}","templated":true}]}}