{"id":17503,"date":"2015-06-13T16:54:15","date_gmt":"2015-06-13T16:54:15","guid":{"rendered":"http:\/\/reflexoasis.com\/?page_id=17503"},"modified":"2015-06-19T02:58:18","modified_gmt":"2015-06-19T02:58:18","slug":"massage-sur-chaise","status":"publish","type":"page","link":"https:\/\/reflexoasis.com\/fr\/massage-sur-chaise\/","title":{"rendered":"Massage sur chaise"},"content":{"rendered":"<div class=\"wpb-content-wrapper\"><p>[vc_row row_type=\u00a0\u00bbrow\u00a0\u00bb use_row_as_full_screen_section=\u00a0\u00bbno\u00a0\u00bb type=\u00a0\u00bbgrid\u00a0\u00bb text_align=\u00a0\u00bbleft\u00a0\u00bb background_image_as_pattern=\u00a0\u00bbwithout_pattern\u00a0\u00bb padding_bottom=\u00a0\u00bb40&Prime; padding_top=\u00a0\u00bb40&Prime;][vc_column width=\u00a0\u00bb1\/3&Prime; css=\u00a0\u00bb.vc_custom_1431315675268{border-top-width: 20px !important;padding-top: 10px !important;}\u00a0\u00bb][vc_single_image image=\u00a0\u00bb17208&Prime; border_color=\u00a0\u00bbgrey\u00a0\u00bb img_link_large=\u00a0\u00bb\u00a0\u00bb img_link_target=\u00a0\u00bb_self\u00a0\u00bb img_size=\u00a0\u00bbfull\u00a0\u00bb style=\u00a0\u00bbvc_box_shadow\u00a0\u00bb][\/vc_column][vc_column width=\u00a0\u00bb2\/3&Prime;][vc_column_text]<\/p>\n<h2 class=\"p1\"><span class=\"s1\" style=\"color: #a3cf5e;\">MASSAGE SUR CHAISE<\/span><\/h2>\n<p class=\"p1\"><span class=\"s1\">Le kata ou la chor\u00e9graphie, que je pratique est bas\u00e9 sur une technique de massage japonaise connue sous Amma, datant de 5,000 ans environ. Au si\u00e8cle dernier, Amma fut institutionnalis\u00e9 en tant que profession pour les personnes aveugles. La technique comprend des manipulations de points sp\u00e9cifiques sur le corps qui correspondent aux trac\u00e9s des m\u00e9ridiens \u2013 des circuits \u00e9nerg\u00e9tiques subtiles \u00e0 travers lesquels circule toute l\u2019\u00e9nergie du corps. Travailler ces points stimule le syst\u00e8me nerveux ainsi que le syst\u00e8me circulatoire, permettant ainsi \u00e0 l\u2019\u00e9nergie de circuler librement dans le corps entier. En r\u00e9sulte un soulagement des tensions et une tonification de l\u2019organisme.<\/span><\/p>\n<p class=\"p1\"><span class=\"s1\">Utilis\u00e9 hebdomadairement en tant qu\u2019approche pr\u00e9ventive, une s\u00e9ance de 15-30 minutes de massage sur chaise peut \u00eatre un outil important pour \u00e9liminer une surcharge de tensions, qui pourraient \u00e9ventuellement se transformer en d\u00e9s\u00e9quilibres dans l\u2019organisme.<\/span><\/p>\n<h3 class=\"p1\"><span class=\"s1\" style=\"color: #a3cf5e;\">Les bienfaits d\u2019une s\u00e9ance de massage sur chaise Amma de 15-30 minutes\u00a0:<\/span><\/h3>\n<ul>\n<li class=\"p1\"><span class=\"s1\">Am\u00e9liore la<span class=\"Apple-converted-space\">\u00a0 <\/span>circulation sanguine <\/span><\/li>\n<li class=\"p1\"><span class=\"s1\">Soulage et r\u00e9duit les tensions <\/span><\/li>\n<li class=\"p1\"><span class=\"s1\">Am\u00e9liore le sommeil <\/span><\/li>\n<li class=\"p1\"><span class=\"s1\">Renforce le syst\u00e8me immunitaire <\/span><\/li>\n<li class=\"p1\"><span class=\"s1\">Induit une sensation de bien-\u00eatre<\/span><\/li>\n<li class=\"p1\"><span class=\"s1\">Soulage les articulations douloureuses<\/span><\/li>\n<li class=\"p2\"><span class=\"s1\">Aiguise l\u2019acuit\u00e9 mentale et la concentration<\/span><\/li>\n<\/ul>\n<h3 class=\"p1\"><\/h3>\n<p>&nbsp;<\/p>\n<h3 class=\"p1\"><span class=\"s1\" style=\"color: #a3cf5e;\">Qui peut profiter d\u2019un massage sur chaise Amma?<\/span><\/h3>\n<ul>\n<li class=\"p1\"><span class=\"s1\">Des employeurs qui ont \u00e0 coeur la sant\u00e9 de leurs employ\u00e9s, en leur offrant un outil pour composer avec le stress et diminuer le taux d\u2019absent\u00e9isme au travail, am\u00e9liorant ainsi la satisfaction g\u00e9n\u00e9rale des employ\u00e9s<\/span><\/li>\n<li class=\"p1\"><span class=\"s1\">Le personnel, afin de profiter d\u2019une pause-sant\u00e9 de 15 minutes au travail<\/span><\/li>\n<li class=\"p1\"><span class=\"s1\">En tant que compl\u00e9ment \u00e0 d\u2019autres th\u00e9rapies <\/span><\/li>\n<li class=\"p1\"><span class=\"s1\">Les personnes \u00e2g\u00e9es, pour am\u00e9liorer leur confort<\/span><\/li>\n<li class=\"p1\"><span class=\"s1\">Les enfants agit\u00e9s <\/span><\/li>\n<li class=\"p2\"><span class=\"s1\">Tous ceux qui souhaitent \u00eatre proactifs pour maintenir la forme et leur sant\u00e9<\/span><\/li>\n<\/ul>\n<p>[\/vc_column_text][\/vc_column][\/vc_row]<\/p>\n<\/div>","protected":false},"excerpt":{"rendered":"<p>[vc_row row_type=\u00a0\u00bbrow\u00a0\u00bb use_row_as_full_screen_section=\u00a0\u00bbno\u00a0\u00bb type=\u00a0\u00bbgrid\u00a0\u00bb text_align=\u00a0\u00bbleft\u00a0\u00bb background_image_as_pattern=\u00a0\u00bbwithout_pattern\u00a0\u00bb padding_bottom=\u00a0\u00bb40&Prime; padding_top=\u00a0\u00bb40&Prime;][vc_column width=\u00a0\u00bb1\/3&Prime; css=\u00a0\u00bb.vc_custom_1431315675268{border-top-width: 20px !important;padding-top: 10px !important;}\u00a0\u00bb][vc_single_image image=\u00a0\u00bb17208&Prime; border_color=\u00a0\u00bbgrey\u00a0\u00bb img_link_large=\u00a0\u00bb\u00a0\u00bb img_link_target=\u00a0\u00bb_self\u00a0\u00bb img_size=\u00a0\u00bbfull\u00a0\u00bb style=\u00a0\u00bbvc_box_shadow\u00a0\u00bb][\/vc_column][vc_column width=\u00a0\u00bb2\/3&Prime;][vc_column_text] MASSAGE SUR CHAISE Le kata ou la chor\u00e9graphie, que je pratique est bas\u00e9 sur une technique de massage japonaise connue sous Amma, datant de&#8230;<\/p>\n","protected":false},"author":1,"featured_media":0,"parent":0,"menu_order":0,"comment_status":"open","ping_status":"open","template":"","meta":{"footnotes":""},"class_list":["post-17503","page","type-page","status-publish","hentry"],"_links":{"self":[{"href":"https:\/\/reflexoasis.com\/fr\/wp-json\/wp\/v2\/pages\/17503","targetHints":{"allow":["GET"]}}],"collection":[{"href":"https:\/\/reflexoasis.com\/fr\/wp-json\/wp\/v2\/pages"}],"about":[{"href":"https:\/\/reflexoasis.com\/fr\/wp-json\/wp\/v2\/types\/page"}],"author":[{"embeddable":true,"href":"https:\/\/reflexoasis.com\/fr\/wp-json\/wp\/v2\/users\/1"}],"replies":[{"embeddable":true,"href":"https:\/\/reflexoasis.com\/fr\/wp-json\/wp\/v2\/comments?post=17503"}],"version-history":[{"count":10,"href":"https:\/\/reflexoasis.com\/fr\/wp-json\/wp\/v2\/pages\/17503\/revisions"}],"predecessor-version":[{"id":17734,"href":"https:\/\/reflexoasis.com\/fr\/wp-json\/wp\/v2\/pages\/17503\/revisions\/17734"}],"wp:attachment":[{"href":"https:\/\/reflexoasis.com\/fr\/wp-json\/wp\/v2\/media?parent=17503"}],"curies":[{"name":"wp","href":"https:\/\/api.w.org\/{rel}","templated":true}]}}