{"id":17886,"date":"2021-07-06T22:31:31","date_gmt":"2021-07-06T22:31:31","guid":{"rendered":"https:\/\/reflexoasis.com\/?page_id=17886"},"modified":"2021-07-06T22:37:20","modified_gmt":"2021-07-06T22:37:20","slug":"reflexologie-thai","status":"publish","type":"page","link":"https:\/\/reflexoasis.com\/fr\/reflexologie-thai\/","title":{"rendered":"R\u00e9flexologie Thai"},"content":{"rendered":"<div class=\"wpb-content-wrapper\"><p>[vc_row css_animation=\u00a0\u00bb\u00a0\u00bb row_type=\u00a0\u00bbrow\u00a0\u00bb use_row_as_full_screen_section=\u00a0\u00bbno\u00a0\u00bb type=\u00a0\u00bbgrid\u00a0\u00bb angled_section=\u00a0\u00bbno\u00a0\u00bb text_align=\u00a0\u00bbleft\u00a0\u00bb background_image_as_pattern=\u00a0\u00bbwithout_pattern\u00a0\u00bb padding_bottom=\u00a0\u00bb40&Prime; padding_top=\u00a0\u00bb40&Prime;][vc_column width=\u00a0\u00bb1\/3&Prime; css=\u00a0\u00bb.vc_custom_1431315675268{border-top-width: 20px !important;padding-top: 10px !important;}\u00a0\u00bb][vc_single_image image=\u00a0\u00bb16884&Prime; img_size=\u00a0\u00bbfull\u00a0\u00bb style=\u00a0\u00bbvc_box_shadow\u00a0\u00bb qode_css_animation=\u00a0\u00bb\u00a0\u00bb][\/vc_column][vc_column width=\u00a0\u00bb2\/3&Prime;][vc_column_text]<\/p>\n<h2 class=\"p1\"><span class=\"s1\" style=\"color: #a3cf5e;\">R\u00e9flexologie Thai<\/span><\/h2>\n<p class=\"p1\"><span class=\"s1\">La r\u00e9flexologie Thai peut \u00eatre d\u00e9crite comme le mariage de l\u2019Inde et de l\u2019Asie, incorporant des \u00e9l\u00e9ments du shiatsu japonais, de la r\u00e9flexologie chinoise, le massage Tuina chinois ainsi que du yoga ayurv\u00e9dique. Ce type de r\u00e9flexologie fait partie int\u00e9grante du massage yogique Thai traditionnel datant de plus de 2000 ans et repr\u00e9sente une th\u00e9rapie prouv\u00e9e et respect\u00e9e, une science th\u00e9orique complexe ainsi qu\u2019un art de gu\u00e9rison informel. Le th\u00e9rapeute utilise un b\u00e2tonnet Thai fait de bois de rose, du beurre de karit\u00e9 ainsi qu\u2019un m\u00e9lange d\u2019huiles essentielles lors du traitement. Ce traitement en profondeur est merveilleux \u00e0 recevoir, et se pratique sur le bas de la jambe et le pied&#8230; mais agit sur le corps tout entier.<\/span><\/p>\n<h3 class=\"p1\"><span class=\"s1\" style=\"color: #a3cf5e;\">Les bienfaits rapport\u00e9s incluent entre autres:<\/span><\/h3>\n<ul>\n<li class=\"p1\"><span class=\"s1\">Meilleure circulation dans les jambes et les mains<\/span><\/li>\n<li class=\"p1\"><span class=\"s1\">Drainage lymphatique<\/span><\/li>\n<li class=\"p2\"><span class=\"s1\">\u00c9limination des d\u00e9chets et toxines accrue<\/span><\/li>\n<li class=\"p2\"><span class=\"s1\">Stimulation du syst\u00e8me immunitaire<\/span><\/li>\n<li class=\"p2\"><span class=\"s1\">Diminue la rigidit\u00e9, accro\u00eet la flexibilit\u00e9<\/span><\/li>\n<li class=\"p2\"><span class=\"s1\">Stimule la gu\u00e9rison <\/span><\/li>\n<li class=\"p2\"><span class=\"s1\">Soulage le stress et am\u00e9liore le sommeil<\/span><\/li>\n<li class=\"p2\"><span class=\"s1\">Stimule la claret\u00e9 mentale<\/span><\/li>\n<\/ul>\n<p class=\"p1\"><span class=\"s1\">Ce traitement holistique vise \u00e0 restaurer l\u2019\u00e9quilibre du corps et de l\u2019esprit et stimule les organes internes \u00e0 travers les r\u00e9flexes du pied et du bas de la jambe reli\u00e9s aux 72\u2019000 m\u00e9ridiens \u00e9nerg\u00e9tiques (Sen) du corps. Les Sen ressemblent plus aux trac\u00e9s \u00e9nerg\u00e9tiques ayurv\u00e9diques (nadis) qu\u2019au m\u00e9ridiens chinois utilis\u00e9s dans l\u2019acuponcture, et ne sont pas li\u00e9s aux divers syst\u00e8mes organiques. Les populations asiatiques disent que les jambes fonctionnent comme un second coeur, avec les mouvements des muscles aidant le retour veineux vers le coeur. Lorsque les plantes des pieds manquent de stimulation, la circulation dans les pieds et les jambes en souffrent.<\/span><\/p>\n<h3 class=\"p1\"><span class=\"s1\" style=\"color: #a3cf5e;\">Contre-indications:<\/span><\/h3>\n<ul>\n<li class=\"p1\"><span class=\"s1\">Conditions infectieuses de la peau<\/span><\/li>\n<li class=\"p1\"><span class=\"s1\">Circulation s\u00e9v\u00e8rement compromise dans les extr\u00e9mit\u00e9s du bas du corps<\/span><\/li>\n<li class=\"p1\"><span class=\"s1\">Os fractur\u00e9s et plaies ouvertes<\/span><\/li>\n<\/ul>\n<p>[\/vc_column_text][\/vc_column][\/vc_row]<\/p>\n<\/div>","protected":false},"excerpt":{"rendered":"<p>[vc_row css_animation=\u00a0\u00bb\u00a0\u00bb row_type=\u00a0\u00bbrow\u00a0\u00bb use_row_as_full_screen_section=\u00a0\u00bbno\u00a0\u00bb type=\u00a0\u00bbgrid\u00a0\u00bb angled_section=\u00a0\u00bbno\u00a0\u00bb text_align=\u00a0\u00bbleft\u00a0\u00bb background_image_as_pattern=\u00a0\u00bbwithout_pattern\u00a0\u00bb padding_bottom=\u00a0\u00bb40&Prime; padding_top=\u00a0\u00bb40&Prime;][vc_column width=\u00a0\u00bb1\/3&Prime; css=\u00a0\u00bb.vc_custom_1431315675268{border-top-width: 20px !important;padding-top: 10px !important;}\u00a0\u00bb][vc_single_image image=\u00a0\u00bb16884&Prime; img_size=\u00a0\u00bbfull\u00a0\u00bb style=\u00a0\u00bbvc_box_shadow\u00a0\u00bb qode_css_animation=\u00a0\u00bb\u00a0\u00bb][\/vc_column][vc_column width=\u00a0\u00bb2\/3&Prime;][vc_column_text] R\u00e9flexologie Thai La r\u00e9flexologie Thai peut \u00eatre d\u00e9crite comme le mariage de l\u2019Inde et de l\u2019Asie, incorporant des \u00e9l\u00e9ments du shiatsu japonais, de la&#8230;<\/p>\n","protected":false},"author":2,"featured_media":0,"parent":0,"menu_order":0,"comment_status":"open","ping_status":"open","template":"","meta":{"footnotes":""},"class_list":["post-17886","page","type-page","status-publish","hentry"],"_links":{"self":[{"href":"https:\/\/reflexoasis.com\/fr\/wp-json\/wp\/v2\/pages\/17886","targetHints":{"allow":["GET"]}}],"collection":[{"href":"https:\/\/reflexoasis.com\/fr\/wp-json\/wp\/v2\/pages"}],"about":[{"href":"https:\/\/reflexoasis.com\/fr\/wp-json\/wp\/v2\/types\/page"}],"author":[{"embeddable":true,"href":"https:\/\/reflexoasis.com\/fr\/wp-json\/wp\/v2\/users\/2"}],"replies":[{"embeddable":true,"href":"https:\/\/reflexoasis.com\/fr\/wp-json\/wp\/v2\/comments?post=17886"}],"version-history":[{"count":3,"href":"https:\/\/reflexoasis.com\/fr\/wp-json\/wp\/v2\/pages\/17886\/revisions"}],"predecessor-version":[{"id":17889,"href":"https:\/\/reflexoasis.com\/fr\/wp-json\/wp\/v2\/pages\/17886\/revisions\/17889"}],"wp:attachment":[{"href":"https:\/\/reflexoasis.com\/fr\/wp-json\/wp\/v2\/media?parent=17886"}],"curies":[{"name":"wp","href":"https:\/\/api.w.org\/{rel}","templated":true}]}}